{"id":2003,"date":"2024-12-17T18:45:45","date_gmt":"2024-12-17T17:45:45","guid":{"rendered":"https:\/\/www.butterfly-transport.eu\/?page_id=2003"},"modified":"2025-01-10T12:44:43","modified_gmt":"2025-01-10T11:44:43","slug":"segnalazioni-whistleblowing","status":"publish","type":"page","link":"https:\/\/www.butterfly-transport.eu\/index.php\/segnalazioni-whistleblowing\/","title":{"rendered":"Segnalazioni whistleblowing"},"content":{"rendered":"\t\t<div data-elementor-type=\"wp-page\" data-elementor-id=\"2003\" class=\"elementor elementor-2003\">\n\t\t\t\t\t\t\t\t\t<section class=\"elementor-section elementor-top-section elementor-element elementor-element-8201ea7 elementor-section-full_width elementor-section-content-middle elementor-hidden-mobile elementor-section-height-default elementor-section-height-default\" data-id=\"8201ea7\" data-element_type=\"section\">\n\t\t\t\t\t\t<div class=\"elementor-container elementor-column-gap-default\">\n\t\t\t\t\t<div class=\"elementor-column elementor-col-100 elementor-top-column elementor-element elementor-element-c5477f8\" data-id=\"c5477f8\" data-element_type=\"column\">\n\t\t\t<div class=\"elementor-widget-wrap elementor-element-populated\">\n\t\t\t\t\t\t\t\t<div class=\"elementor-element elementor-element-109caea elementor-widget elementor-widget-image\" data-id=\"109caea\" data-element_type=\"widget\" data-widget_type=\"image.default\">\n\t\t\t\t<div class=\"elementor-widget-container\">\n\t\t\t<style>\/*! elementor - v3.15.0 - 02-08-2023 *\/\n.elementor-widget-image{text-align:center}.elementor-widget-image a{display:inline-block}.elementor-widget-image a img[src$=\".svg\"]{width:48px}.elementor-widget-image img{vertical-align:middle;display:inline-block}<\/style>\t\t\t\t\t\t\t\t\t\t\t\t<img loading=\"lazy\" decoding=\"async\" width=\"2000\" height=\"483\" src=\"https:\/\/www.butterfly-transport.eu\/wp-content\/uploads\/2024\/12\/butterfly-transport-whistleblowing-1.jpg\" class=\"attachment-full size-full wp-image-2005\" alt=\"\" srcset=\"https:\/\/www.butterfly-transport.eu\/wp-content\/uploads\/2024\/12\/butterfly-transport-whistleblowing-1.jpg 2000w, https:\/\/www.butterfly-transport.eu\/wp-content\/uploads\/2024\/12\/butterfly-transport-whistleblowing-1-300x72.jpg 300w, https:\/\/www.butterfly-transport.eu\/wp-content\/uploads\/2024\/12\/butterfly-transport-whistleblowing-1-1024x247.jpg 1024w, https:\/\/www.butterfly-transport.eu\/wp-content\/uploads\/2024\/12\/butterfly-transport-whistleblowing-1-768x185.jpg 768w, https:\/\/www.butterfly-transport.eu\/wp-content\/uploads\/2024\/12\/butterfly-transport-whistleblowing-1-1536x371.jpg 1536w\" sizes=\"(max-width: 2000px) 100vw, 2000px\" \/>\t\t\t\t\t\t\t\t\t\t\t\t\t\t\t<\/div>\n\t\t\t\t<\/div>\n\t\t\t\t<div class=\"elementor-element elementor-element-32dab3c elementor-absolute elementor-widget elementor-widget-heading\" data-id=\"32dab3c\" data-element_type=\"widget\" data-settings=\"{&quot;_position&quot;:&quot;absolute&quot;}\" data-widget_type=\"heading.default\">\n\t\t\t\t<div class=\"elementor-widget-container\">\n\t\t\t<style>\/*! elementor - v3.15.0 - 02-08-2023 *\/\n.elementor-heading-title{padding:0;margin:0;line-height:1}.elementor-widget-heading .elementor-heading-title[class*=elementor-size-]>a{color:inherit;font-size:inherit;line-height:inherit}.elementor-widget-heading .elementor-heading-title.elementor-size-small{font-size:15px}.elementor-widget-heading .elementor-heading-title.elementor-size-medium{font-size:19px}.elementor-widget-heading .elementor-heading-title.elementor-size-large{font-size:29px}.elementor-widget-heading .elementor-heading-title.elementor-size-xl{font-size:39px}.elementor-widget-heading .elementor-heading-title.elementor-size-xxl{font-size:59px}<\/style><h2 class=\"elementor-heading-title elementor-size-default\">Segnalazioni whistleblowing<\/h2>\t\t<\/div>\n\t\t\t\t<\/div>\n\t\t\t\t\t<\/div>\n\t\t<\/div>\n\t\t\t\t\t\t\t<\/div>\n\t\t<\/section>\n\t\t\t\t<section class=\"elementor-section elementor-top-section elementor-element elementor-element-7bf21da elementor-section-full_width elementor-section-content-middle elementor-hidden-desktop elementor-hidden-laptop elementor-hidden-tablet elementor-section-height-default elementor-section-height-default\" data-id=\"7bf21da\" data-element_type=\"section\">\n\t\t\t\t\t\t<div class=\"elementor-container elementor-column-gap-default\">\n\t\t\t\t\t<div class=\"elementor-column elementor-col-100 elementor-top-column elementor-element elementor-element-06996dc\" data-id=\"06996dc\" data-element_type=\"column\">\n\t\t\t<div class=\"elementor-widget-wrap elementor-element-populated\">\n\t\t\t\t\t\t\t\t<div class=\"elementor-element elementor-element-0e68aee elementor-widget elementor-widget-image\" data-id=\"0e68aee\" data-element_type=\"widget\" data-widget_type=\"image.default\">\n\t\t\t\t<div class=\"elementor-widget-container\">\n\t\t\t\t\t\t\t\t\t\t\t\t\t\t\t<img loading=\"lazy\" decoding=\"async\" width=\"1772\" height=\"1124\" src=\"https:\/\/www.butterfly-transport.eu\/wp-content\/uploads\/2024\/12\/butterfly-transport-whistleblowing-2.jpg\" class=\"attachment-full size-full wp-image-2006\" alt=\"\" srcset=\"https:\/\/www.butterfly-transport.eu\/wp-content\/uploads\/2024\/12\/butterfly-transport-whistleblowing-2.jpg 1772w, https:\/\/www.butterfly-transport.eu\/wp-content\/uploads\/2024\/12\/butterfly-transport-whistleblowing-2-300x190.jpg 300w, https:\/\/www.butterfly-transport.eu\/wp-content\/uploads\/2024\/12\/butterfly-transport-whistleblowing-2-1024x650.jpg 1024w, https:\/\/www.butterfly-transport.eu\/wp-content\/uploads\/2024\/12\/butterfly-transport-whistleblowing-2-768x487.jpg 768w, https:\/\/www.butterfly-transport.eu\/wp-content\/uploads\/2024\/12\/butterfly-transport-whistleblowing-2-1536x974.jpg 1536w\" sizes=\"(max-width: 1772px) 100vw, 1772px\" \/>\t\t\t\t\t\t\t\t\t\t\t\t\t\t\t<\/div>\n\t\t\t\t<\/div>\n\t\t\t\t<div class=\"elementor-element elementor-element-d8ed7fa elementor-absolute elementor-widget elementor-widget-heading\" data-id=\"d8ed7fa\" data-element_type=\"widget\" data-settings=\"{&quot;_position&quot;:&quot;absolute&quot;}\" data-widget_type=\"heading.default\">\n\t\t\t\t<div class=\"elementor-widget-container\">\n\t\t\t<h2 class=\"elementor-heading-title elementor-size-default\">Segnalazioni whistleblowing<\/h2>\t\t<\/div>\n\t\t\t\t<\/div>\n\t\t\t\t\t<\/div>\n\t\t<\/div>\n\t\t\t\t\t\t\t<\/div>\n\t\t<\/section>\n\t\t\t\t<section class=\"elementor-section elementor-top-section elementor-element elementor-element-a74d50e elementor-section-boxed elementor-section-height-default elementor-section-height-default\" data-id=\"a74d50e\" data-element_type=\"section\">\n\t\t\t\t\t\t<div class=\"elementor-container elementor-column-gap-default\">\n\t\t\t\t\t<div class=\"elementor-column elementor-col-16 elementor-top-column elementor-element elementor-element-10f2897\" data-id=\"10f2897\" data-element_type=\"column\">\n\t\t\t<div class=\"elementor-widget-wrap\">\n\t\t\t\t\t\t\t\t\t<\/div>\n\t\t<\/div>\n\t\t\t\t<div class=\"elementor-column elementor-col-66 elementor-top-column elementor-element elementor-element-eadac8b\" data-id=\"eadac8b\" data-element_type=\"column\">\n\t\t\t<div class=\"elementor-widget-wrap elementor-element-populated\">\n\t\t\t\t\t\t\t\t<div class=\"elementor-element elementor-element-0099999 elementor-widget elementor-widget-heading\" data-id=\"0099999\" data-element_type=\"widget\" data-widget_type=\"heading.default\">\n\t\t\t\t<div class=\"elementor-widget-container\">\n\t\t\t<h2 class=\"elementor-heading-title elementor-size-default\">Whistleblowing: cos\u2019\u00e8 e come funziona<\/h2>\t\t<\/div>\n\t\t\t\t<\/div>\n\t\t\t\t<div class=\"elementor-element elementor-element-ce151a6 elementor-widget elementor-widget-text-editor\" data-id=\"ce151a6\" data-element_type=\"widget\" data-widget_type=\"text-editor.default\">\n\t\t\t\t<div class=\"elementor-widget-container\">\n\t\t\t<style>\/*! elementor - v3.15.0 - 02-08-2023 *\/\n.elementor-widget-text-editor.elementor-drop-cap-view-stacked .elementor-drop-cap{background-color:#69727d;color:#fff}.elementor-widget-text-editor.elementor-drop-cap-view-framed .elementor-drop-cap{color:#69727d;border:3px solid;background-color:transparent}.elementor-widget-text-editor:not(.elementor-drop-cap-view-default) .elementor-drop-cap{margin-top:8px}.elementor-widget-text-editor:not(.elementor-drop-cap-view-default) .elementor-drop-cap-letter{width:1em;height:1em}.elementor-widget-text-editor .elementor-drop-cap{float:left;text-align:center;line-height:1;font-size:50px}.elementor-widget-text-editor .elementor-drop-cap-letter{display:inline-block}<\/style>\t\t\t\t<p>Il whistleblowing \u00e8 uno strumento efficace per segnalare illeciti come corruzione, frodi, cattiva gestione e violazioni che mettono a rischio salute pubblica, sicurezza, diritti umani o ambiente. In Italia \u00e8 regolato dal Decreto Legislativo n.24\/2023, che recepisce la Direttiva UE 2019\/1937 e introduce obblighi per enti pubblici e privati.<\/p>\t\t\t\t\t\t<\/div>\n\t\t\t\t<\/div>\n\t\t\t\t<div class=\"elementor-element elementor-element-9bc90a6 elementor-widget elementor-widget-heading\" data-id=\"9bc90a6\" data-element_type=\"widget\" data-widget_type=\"heading.default\">\n\t\t\t\t<div class=\"elementor-widget-container\">\n\t\t\t<h2 class=\"elementor-heading-title elementor-size-default\">Chi pu\u00f2 segnalare?<\/h2>\t\t<\/div>\n\t\t\t\t<\/div>\n\t\t\t\t<div class=\"elementor-element elementor-element-ebfb509 elementor-widget elementor-widget-text-editor\" data-id=\"ebfb509\" data-element_type=\"widget\" data-widget_type=\"text-editor.default\">\n\t\t\t\t<div class=\"elementor-widget-container\">\n\t\t\t\t\t\t\t<p>Le segnalazioni possono essere effettuate da dipendenti, collaboratori, fornitori, consulenti, volontari, tirocinanti, ex dipendenti e persino candidati, purch\u00e9 le informazioni derivino da contesti lavorativi.<\/p>\t\t\t\t\t\t<\/div>\n\t\t\t\t<\/div>\n\t\t\t\t<div class=\"elementor-element elementor-element-52fba18 elementor-widget elementor-widget-heading\" data-id=\"52fba18\" data-element_type=\"widget\" data-widget_type=\"heading.default\">\n\t\t\t\t<div class=\"elementor-widget-container\">\n\t\t\t<h2 class=\"elementor-heading-title elementor-size-default\">Quali illeciti possono essere segnalati?<\/h2>\t\t<\/div>\n\t\t\t\t<\/div>\n\t\t\t\t<div class=\"elementor-element elementor-element-eceb881 elementor-widget elementor-widget-text-editor\" data-id=\"eceb881\" data-element_type=\"widget\" data-widget_type=\"text-editor.default\">\n\t\t\t\t<div class=\"elementor-widget-container\">\n\t\t\t\t\t\t\t<p>Si possono segnalare sospetti di reati o violazioni amministrative, contabili, civili o normative UE. Non rientrano segnalazioni di carattere personale legate al proprio contratto di lavoro.<\/p>\t\t\t\t\t\t<\/div>\n\t\t\t\t<\/div>\n\t\t\t\t<div class=\"elementor-element elementor-element-c37cbd4 elementor-widget elementor-widget-heading\" data-id=\"c37cbd4\" data-element_type=\"widget\" data-widget_type=\"heading.default\">\n\t\t\t\t<div class=\"elementor-widget-container\">\n\t\t\t<h2 class=\"elementor-heading-title elementor-size-default\">Come avviene la gestione delle segnalazioni?<\/h2>\t\t<\/div>\n\t\t\t\t<\/div>\n\t\t\t\t<div class=\"elementor-element elementor-element-4d23d14 elementor-widget elementor-widget-text-editor\" data-id=\"4d23d14\" data-element_type=\"widget\" data-widget_type=\"text-editor.default\">\n\t\t\t\t<div class=\"elementor-widget-container\">\n\t\t\t\t\t\t\t<p>Un responsabile dedicato riceve, analizza e verifica le segnalazioni, garantendo riservatezza e comunicando periodicamente l\u2019esito delle verifiche alla persona segnalante.<\/p>\t\t\t\t\t\t<\/div>\n\t\t\t\t<\/div>\n\t\t\t\t<div class=\"elementor-element elementor-element-50277ce elementor-widget elementor-widget-heading\" data-id=\"50277ce\" data-element_type=\"widget\" data-widget_type=\"heading.default\">\n\t\t\t\t<div class=\"elementor-widget-container\">\n\t\t\t<h2 class=\"elementor-heading-title elementor-size-default\">Canali per segnalare<\/h2>\t\t<\/div>\n\t\t\t\t<\/div>\n\t\t\t\t<div class=\"elementor-element elementor-element-84f31f7 elementor-widget elementor-widget-text-editor\" data-id=\"84f31f7\" data-element_type=\"widget\" data-widget_type=\"text-editor.default\">\n\t\t\t\t<div class=\"elementor-widget-container\">\n\t\t\t\t\t\t\t<p>\u00c8 possibile inviare segnalazioni tramite:<\/p><ul><li><strong>Email riservata<\/strong>: <a rel=\"noopener\">whistleblowing@butterfly-transport.eu<\/a><\/li><li><strong>Piattaforma informatica<\/strong> (preferita per garantire riservatezza).<br \/>Segnalazioni anonime sono accettate e trattate con lo stesso grado di confidenzialit\u00e0.<\/li><\/ul>\t\t\t\t\t\t<\/div>\n\t\t\t\t<\/div>\n\t\t\t\t<div class=\"elementor-element elementor-element-25ded3f elementor-widget elementor-widget-heading\" data-id=\"25ded3f\" data-element_type=\"widget\" data-widget_type=\"heading.default\">\n\t\t\t\t<div class=\"elementor-widget-container\">\n\t\t\t<h2 class=\"elementor-heading-title elementor-size-default\">Riservatezza e anonimato\n<\/h2>\t\t<\/div>\n\t\t\t\t<\/div>\n\t\t\t\t<div class=\"elementor-element elementor-element-bd39dcd elementor-widget elementor-widget-text-editor\" data-id=\"bd39dcd\" data-element_type=\"widget\" data-widget_type=\"text-editor.default\">\n\t\t\t\t<div class=\"elementor-widget-container\">\n\t\t\t\t\t\t\t<p>L\u2019identit\u00e0 del segnalante \u00e8 protetta e non pu\u00f2 essere rivelata senza consenso. Le segnalazioni anonime vengono accettate, ma potrebbero limitare le verifiche.<\/p>\t\t\t\t\t\t<\/div>\n\t\t\t\t<\/div>\n\t\t\t\t<div class=\"elementor-element elementor-element-56767d0 elementor-widget elementor-widget-heading\" data-id=\"56767d0\" data-element_type=\"widget\" data-widget_type=\"heading.default\">\n\t\t\t\t<div class=\"elementor-widget-container\">\n\t\t\t<h2 class=\"elementor-heading-title elementor-size-default\">Segnalazioni esterne<\/h2>\t\t<\/div>\n\t\t\t\t<\/div>\n\t\t\t\t<div class=\"elementor-element elementor-element-ad0eaf8 elementor-widget elementor-widget-text-editor\" data-id=\"ad0eaf8\" data-element_type=\"widget\" data-widget_type=\"text-editor.default\">\n\t\t\t\t<div class=\"elementor-widget-container\">\n\t\t\t\t\t\t\t<p>Se non c\u2019\u00e8 seguito a una segnalazione interna, \u00e8 possibile rivolgersi all\u2019<strong>Autorit\u00e0 Nazionale Anticorruzione (A.N.AC.)<\/strong>, soprattutto in caso di rischio imminente per il pubblico interesse. Maggiori dettagli sono disponibili sul sito: <a style=\"color: #000000;\" href=\"https:\/\/www.anticorruzione.it\/\" target=\"_new\" rel=\"noopener\"><strong>anticorruzione.it<\/strong><\/a>.<\/p>\t\t\t\t\t\t<\/div>\n\t\t\t\t<\/div>\n\t\t\t\t\t<\/div>\n\t\t<\/div>\n\t\t\t\t<div class=\"elementor-column elementor-col-16 elementor-top-column elementor-element elementor-element-27d16e0\" data-id=\"27d16e0\" data-element_type=\"column\">\n\t\t\t<div class=\"elementor-widget-wrap\">\n\t\t\t\t\t\t\t\t\t<\/div>\n\t\t<\/div>\n\t\t\t\t\t\t\t<\/div>\n\t\t<\/section>\n\t\t\t\t\t\t\t<\/div>\n\t\t","protected":false},"excerpt":{"rendered":"<p>Segnalazioni whistleblowing Segnalazioni whistleblowing Whistleblowing: cos\u2019\u00e8 e come funziona Il whistleblowing \u00e8 uno strumento efficace per segnalare illeciti come corruzione, frodi, cattiva gestione e violazioni che mettono a rischio salute pubblica, sicurezza, diritti umani o ambiente. In Italia \u00e8 regolato dal Decreto Legislativo n.24\/2023, che recepisce la Direttiva UE 2019\/1937 e introduce obblighi per enti [&hellip;]<\/p>\n","protected":false},"author":1,"featured_media":0,"parent":0,"menu_order":0,"comment_status":"closed","ping_status":"closed","template":"elementor_header_footer","meta":{"inline_featured_image":false,"footnotes":""},"_links":{"self":[{"href":"https:\/\/www.butterfly-transport.eu\/index.php\/wp-json\/wp\/v2\/pages\/2003"}],"collection":[{"href":"https:\/\/www.butterfly-transport.eu\/index.php\/wp-json\/wp\/v2\/pages"}],"about":[{"href":"https:\/\/www.butterfly-transport.eu\/index.php\/wp-json\/wp\/v2\/types\/page"}],"author":[{"embeddable":true,"href":"https:\/\/www.butterfly-transport.eu\/index.php\/wp-json\/wp\/v2\/users\/1"}],"replies":[{"embeddable":true,"href":"https:\/\/www.butterfly-transport.eu\/index.php\/wp-json\/wp\/v2\/comments?post=2003"}],"version-history":[{"count":14,"href":"https:\/\/www.butterfly-transport.eu\/index.php\/wp-json\/wp\/v2\/pages\/2003\/revisions"}],"predecessor-version":[{"id":2070,"href":"https:\/\/www.butterfly-transport.eu\/index.php\/wp-json\/wp\/v2\/pages\/2003\/revisions\/2070"}],"wp:attachment":[{"href":"https:\/\/www.butterfly-transport.eu\/index.php\/wp-json\/wp\/v2\/media?parent=2003"}],"curies":[{"name":"wp","href":"https:\/\/api.w.org\/{rel}","templated":true}]}}